{"id":27,"date":"2025-02-05T15:00:44","date_gmt":"2025-02-05T15:00:44","guid":{"rendered":"https:\/\/blackmagnolia.finance\/?page_id=27"},"modified":"2025-03-03T17:35:36","modified_gmt":"2025-03-03T17:35:36","slug":"team","status":"publish","type":"page","link":"https:\/\/blackmagnolia.finance\/?page_id=27","title":{"rendered":"Top Investors"},"content":{"rendered":"\n<div class=\"section-wrapper\" data-id=\"e3Vao2\"><section class=\"wp-block-gutenverse-section guten-element guten-section guten-e3Vao2 layout-fullwidth align-stretch\"><div class=\"guten-container guten-column-gap-no\">\n<div class=\"wp-block-gutenverse-column guten-element guten-column guten-EUfbPd\"><div class=\"guten-column-wrapper\" data-id=\"EUfbPd\">\n<div style=\"height:100px\" aria-hidden=\"true\" class=\"wp-block-spacer\"><\/div>\n<\/div><\/div>\n\n\n\n<div class=\"wp-block-gutenverse-column guten-element guten-column guten-sI3p0N\"><div class=\"guten-column-wrapper\" data-id=\"sI3p0N\"><\/div><\/div>\n\n\n\n<div class=\"wp-block-gutenverse-column guten-element guten-column guten-hSuWlM\"><div class=\"guten-column-wrapper\" data-id=\"hSuWlM\"><div id=\"guten-1Kxt6H\" class=\"guten-element guten-nav-menu nav-menu break-point-tablet submenu-click-title \" data-item-indicator=\"fas fa-angle-down\" data-close-on-click=\"1\">\n\t\t\t<div class=\"gutenverse-hamburger-wrapper\">\n\t\t\t\t<button class=\"gutenverse-hamburger-menu\">\n\t\t\t\t\t<i aria-hidden=\"true\" class=\"fas fa-bars\"><\/i>\n\t\t\t\t<\/button>\n\t\t\t<\/div>\n\t\t\t\n\t\t\t<div class=\"gutenverse-menu-wrapper\"><div class=\"gutenverse-menu-container\"><ul id=\"menu-menu-1\" class=\"gutenverse-menu\"><li id=\"menu-item-90\" class=\"menu-item menu-item-type-post_type menu-item-object-page menu-item-home menu-item-90\"><a href=\"javascript:void(0);\" data-href=\"https:\/\/blackmagnolia.finance\/\">Home<\/a><\/li>\n<li id=\"menu-item-91\" class=\"menu-item menu-item-type-post_type menu-item-object-page menu-item-91\"><a href=\"javascript:void(0);\" data-href=\"https:\/\/blackmagnolia.finance\/?page_id=25\">Chi siamo<\/a><\/li>\n<li id=\"menu-item-96\" class=\"menu-item menu-item-type-post_type menu-item-object-page menu-item-96\"><a href=\"javascript:void(0);\" data-href=\"https:\/\/blackmagnolia.finance\/?page_id=27\">Top Investors<\/a><\/li>\n<li id=\"menu-item-95\" class=\"menu-item menu-item-type-post_type menu-item-object-page menu-item-95\"><a href=\"javascript:void(0);\" data-href=\"https:\/\/blackmagnolia.finance\/?page_id=26\">Diventa investitore<\/a><\/li>\n<li id=\"menu-item-94\" class=\"menu-item menu-item-type-post_type menu-item-object-page menu-item-94\"><a href=\"javascript:void(0);\" data-href=\"https:\/\/blackmagnolia.finance\/?page_id=28\">Ambassadors<\/a><\/li>\n<li id=\"menu-item-93\" class=\"menu-item menu-item-type-post_type menu-item-object-page menu-item-93\"><a href=\"javascript:void(0);\" data-href=\"https:\/\/blackmagnolia.finance\/?page_id=29\">Dicono di noi<\/a><\/li>\n<li id=\"menu-item-92\" class=\"menu-item menu-item-type-post_type menu-item-object-page menu-item-92\"><a href=\"javascript:void(0);\" data-href=\"https:\/\/blackmagnolia.finance\/?page_id=31\">Contattaci<\/a><\/li>\n<\/ul><\/div>\n\t\t\t\t<div>\n\t\t\t\t\t<div class=\"gutenverse-nav-identity-panel\">\n\t\t\t\t\t\t<div class=\"gutenverse-nav-site-title\">\n\t\t\t\t\t\t\t<a href=\"https:\/\/blackmagnolia.finance\" class=\"gutenverse-nav-logo\"><\/a>\n\t\t\t\t\t\t<\/div>\n\t\t\t\t\t\t<button class=\"gutenverse-close-menu\"><i aria-hidden=\"true\" class=\"fas fa-times\"><\/i><\/button>\n\t\t\t\t\t<\/div>\n\t\t\t\t<\/div>\n\t\t\t<\/div>\n\t\t<\/div><\/div><\/div>\n<\/div><\/section><\/div>\n\n\n\n<div class=\"section-wrapper\" data-id=\"MNOmmh\"><section class=\"wp-block-gutenverse-section guten-element guten-section guten-MNOmmh layout-boxed align-stretch\"><div class=\"guten-background-overlay\"><\/div><div class=\"guten-container guten-column-gap-default\">\n<div class=\"wp-block-gutenverse-column guten-element guten-column guten-yXrkWG\"><div class=\"guten-column-wrapper\" data-id=\"yXrkWG\">\n<h1 class=\"wp-block-gutenverse-heading guten-element guten-Xb4HOo animated guten-element-hide desktop-fadeInRight\">Il nostro Top investors team<\/h1>\n\n\n\n<div class=\"guten-element gutenverse-text-editor guten-3MjNMN animated guten-element-hide desktop-fadeInRight\"><div class=\"text-content-inner\">\n<p><\/p>\n<\/div><\/div>\n<\/div><\/div>\n<\/div><\/section><\/div>\n\n\n\n<div class=\"section-wrapper\" data-id=\"MC0cRF\"><section class=\"wp-block-gutenverse-section guten-element guten-section guten-MC0cRF layout-boxed align-stretch\"><div class=\"guten-container guten-column-gap-default\">\n<div class=\"wp-block-gutenverse-column guten-element guten-column guten-Z3sXVd\"><div class=\"guten-column-wrapper\" data-id=\"Z3sXVd\">\n<figure class=\"wp-block-image size-full is-resized\"><img fetchpriority=\"high\" decoding=\"async\" width=\"514\" height=\"514\" src=\"https:\/\/blackmagnolia.finance\/wp-content\/uploads\/2025\/02\/Roberto_Aicardi.jpg\" alt=\"\" class=\"wp-image-53\" style=\"object-fit:cover;width:514px;height:514px\" srcset=\"https:\/\/blackmagnolia.finance\/wp-content\/uploads\/2025\/02\/Roberto_Aicardi.jpg 514w, https:\/\/blackmagnolia.finance\/wp-content\/uploads\/2025\/02\/Roberto_Aicardi-300x300.jpg 300w, https:\/\/blackmagnolia.finance\/wp-content\/uploads\/2025\/02\/Roberto_Aicardi-150x150.jpg 150w, https:\/\/blackmagnolia.finance\/wp-content\/uploads\/2025\/02\/Roberto_Aicardi-12x12.jpg 12w\" sizes=\"(max-width: 514px) 100vw, 514px\" \/><\/figure>\n\n\n\n<ul class=\"wp-block-social-links has-icon-color has-icon-background-color is-style-default is-content-justification-left is-layout-flex wp-container-core-social-links-is-layout-fc4fd283 wp-block-social-links-is-layout-flex\">\n\n\n\n<\/ul>\n<\/div><\/div>\n\n\n\n<div class=\"wp-block-gutenverse-column guten-element guten-column guten-9rMl2x\"><div class=\"guten-column-wrapper\" data-id=\"9rMl2x\">\n<h3 class=\"wp-block-heading\"><strong>Roberto Aicardi<\/strong><\/h3>\n\n\n\n<p style=\"font-size:1.3rem\">Strategista di grande successo e matematico di talento con una comprovata esperienza di successo nel settore degli investimenti in criptovalute. Come una delle forze trainanti del gruppo di investimento in criptovalute, Roberto ha una vasta esperienza nello sviluppo e nell&#8217;esecuzione di strategie di investimento di successo che hanno garantito ai clienti rendimenti eccezionali. Grazie alla sua esperienza nell&#8217;analisi dei dati, nella modellazione finanziaria e nella gestione del rischio, \u00e8 uno dei top investor pi\u00f9 affidabili in grado di prendere decisioni informate e di identificare opportunit\u00e0 di investimento redditizie nel mondo in rapida evoluzione delle criptovalute.<\/p>\n\n\n\n<p><\/p>\n\n\n\n<p><\/p>\n\n\n\n<blockquote class=\"wp-block-quote is-layout-flow wp-block-quote-is-layout-flow\">\n<blockquote class=\"wp-block-quote is-layout-flow wp-block-quote-is-layout-flow\"><\/blockquote>\n<\/blockquote>\n<\/div><\/div>\n<\/div><\/section><\/div>\n\n\n\n<div class=\"wp-block-columns is-layout-flex wp-container-core-columns-is-layout-28f84493 wp-block-columns-is-layout-flex\">\n<div class=\"wp-block-column is-layout-flow wp-block-column-is-layout-flow\" style=\"flex-basis:100%\"><\/div>\n<\/div>\n\n\n\n<div class=\"section-wrapper\" data-id=\"iWJFvX\"><section class=\"wp-block-gutenverse-section guten-element guten-section guten-iWJFvX layout-boxed align-stretch\"><div class=\"guten-container guten-column-gap-default\">\n<div class=\"wp-block-gutenverse-column guten-element guten-column guten-IhtnLR\"><div class=\"guten-column-wrapper\" data-id=\"IhtnLR\">\n<h3 class=\"wp-block-heading\"><strong>David Friedman<\/strong><\/h3>\n\n\n\n<p style=\"font-size:1.3rem\">David Friedman \u00e8 un imprenditore e dirigente d&#8217;azienda americano. \u00c8 presidente esecutivo del gruppo di investimento Black Magnolia negli Stati Uniti. In qualit\u00e0 di presidente esecutivo potr\u00f2 concentrarmi maggiormente sulla strategia di acquisizione del nostro portafoglio e sulle relative iniziative di advocacy, gestendo al contempo le operazioni aziendali complessive\u201d.<\/p>\n\n\n\n<p style=\"font-size:1.3rem\"><\/p>\n<\/div><\/div>\n\n\n\n<div class=\"wp-block-gutenverse-column guten-element guten-column guten-XDjOt7\"><div class=\"guten-column-wrapper\" data-id=\"XDjOt7\">\n<blockquote class=\"wp-block-quote is-layout-flow wp-block-quote-is-layout-flow\">\n<blockquote class=\"wp-block-quote is-layout-flow wp-block-quote-is-layout-flow\">\n<figure class=\"wp-block-image size-full is-resized\"><img decoding=\"async\" width=\"1024\" height=\"1024\" src=\"https:\/\/blackmagnolia.finance\/wp-content\/uploads\/2025\/02\/Friedman.jpeg\" alt=\"\" class=\"wp-image-247\" style=\"object-fit:cover;width:514px;height:514px\" srcset=\"https:\/\/blackmagnolia.finance\/wp-content\/uploads\/2025\/02\/Friedman.jpeg 1024w, https:\/\/blackmagnolia.finance\/wp-content\/uploads\/2025\/02\/Friedman-300x300.jpeg 300w, https:\/\/blackmagnolia.finance\/wp-content\/uploads\/2025\/02\/Friedman-150x150.jpeg 150w, https:\/\/blackmagnolia.finance\/wp-content\/uploads\/2025\/02\/Friedman-768x768.jpeg 768w, https:\/\/blackmagnolia.finance\/wp-content\/uploads\/2025\/02\/Friedman-12x12.jpeg 12w\" sizes=\"(max-width: 1024px) 100vw, 1024px\" \/><\/figure>\n\n\n\n<p><\/p>\n\n\n\n<ul class=\"wp-block-social-links has-icon-color has-icon-background-color is-style-default is-content-justification-right is-layout-flex wp-container-core-social-links-is-layout-d445cf74 wp-block-social-links-is-layout-flex\">\n\n\n\n<\/ul>\n<\/blockquote>\n<\/blockquote>\n<\/div><\/div>\n<\/div><\/section><\/div>\n\n\n\n<div class=\"section-wrapper\" data-id=\"Ivnism\"><section class=\"wp-block-gutenverse-section guten-element guten-section guten-Ivnism layout-boxed align-stretch\"><div class=\"guten-container guten-column-gap-default\">\n<div class=\"wp-block-gutenverse-column guten-element guten-column guten-MFoYUW\"><div class=\"guten-column-wrapper\" data-id=\"MFoYUW\">\n<figure class=\"wp-block-image size-full is-resized\"><img decoding=\"async\" width=\"1024\" height=\"1024\" src=\"https:\/\/blackmagnolia.finance\/wp-content\/uploads\/2025\/02\/Jean-Baptiste-Toussaint.jpg\" alt=\"\" class=\"wp-image-244\" style=\"object-fit:cover;width:514px;height:514px\" srcset=\"https:\/\/blackmagnolia.finance\/wp-content\/uploads\/2025\/02\/Jean-Baptiste-Toussaint.jpg 1024w, https:\/\/blackmagnolia.finance\/wp-content\/uploads\/2025\/02\/Jean-Baptiste-Toussaint-300x300.jpg 300w, https:\/\/blackmagnolia.finance\/wp-content\/uploads\/2025\/02\/Jean-Baptiste-Toussaint-150x150.jpg 150w, https:\/\/blackmagnolia.finance\/wp-content\/uploads\/2025\/02\/Jean-Baptiste-Toussaint-768x768.jpg 768w, https:\/\/blackmagnolia.finance\/wp-content\/uploads\/2025\/02\/Jean-Baptiste-Toussaint-12x12.jpg 12w\" sizes=\"(max-width: 1024px) 100vw, 1024px\" \/><\/figure>\n\n\n\n<ul class=\"wp-block-social-links has-icon-color has-icon-background-color is-style-default is-content-justification-right is-layout-flex wp-container-core-social-links-is-layout-d445cf74 wp-block-social-links-is-layout-flex\">\n\n\n\n<\/ul>\n<\/div><\/div>\n\n\n\n<div class=\"wp-block-gutenverse-column guten-element guten-column guten-M1ocJ3\"><div class=\"guten-column-wrapper\" data-id=\"M1ocJ3\">\n<h3 class=\"wp-block-heading\"><strong>Jean Baptiste Toussaint<\/strong><\/h3>\n\n\n\n<p style=\"font-size:1.3rem\">Ha pi\u00f9 di dieci anni di esperienza nel settore del commercio al dettaglio di lusso, nello sviluppo di marchi di fascia alta in Francia. Da l\u00ec \u00e8 passato a guidare i miglioramenti nella distribuzione internazionale di beni di lusso. Durante questo periodo Jean Baptiste \u00e8 stato esposto ai mercati delle criptovalute e a Black Magnolia Partners2. La sua esperienza nel merchandising del lusso \u00e8 stata molto apprezzata nell&#8217;espansione del portafoglio di prodotti di fascia alta di Black Magnolia.<\/p>\n\n\n\n<p style=\"font-size:1.3rem\"><\/p>\n\n\n\n<blockquote class=\"wp-block-quote is-layout-flow wp-block-quote-is-layout-flow\">\n<blockquote class=\"wp-block-quote is-layout-flow wp-block-quote-is-layout-flow\">\n<p style=\"font-size:1.3rem\"><\/p>\n<\/blockquote>\n<\/blockquote>\n<\/div><\/div>\n<\/div><\/section><\/div>\n\n\n\n<div class=\"section-wrapper\" data-id=\"Dh0UTl\"><section class=\"wp-block-gutenverse-section guten-element guten-section guten-Dh0UTl layout-boxed align-stretch\"><div class=\"guten-container guten-column-gap-default\">\n<div class=\"wp-block-gutenverse-column guten-element guten-column guten-Xgmmfm\"><div class=\"guten-column-wrapper\" data-id=\"Xgmmfm\">\n<h3 class=\"wp-block-heading\"><strong>Zofia Deng<\/strong><\/h3>\n\n\n\n<p style=\"font-size:1.3rem\">Imprenditore di successo nel settore delle criptovalute con oltre 5 anni di esperienza nella creazione e nello sviluppo di aziende blockchain. Abile nello sviluppo di prodotti, nella raccolta di fondi e nella creazione di comunit\u00e0. Appassionata del potenziale della tecnologia blockchain di rivoluzionare il modo in cui scambiamo valore e informazioni. Le sue competenze nella tecnologia blockchain e nello sviluppo di contratti intelligenti la rendono un partner eccezionale per il gruppo di investitori dell&#8217;Asia-Pacifico.<\/p>\n\n\n\n<p style=\"font-size:1.3rem\"><\/p>\n<\/div><\/div>\n\n\n\n<div class=\"wp-block-gutenverse-column guten-element guten-column guten-tNAv9b\"><div class=\"guten-column-wrapper\" data-id=\"tNAv9b\">\n<figure class=\"wp-block-image size-full is-resized\"><img loading=\"lazy\" decoding=\"async\" width=\"1024\" height=\"1024\" src=\"https:\/\/blackmagnolia.finance\/wp-content\/uploads\/2025\/02\/Zofia-Deng-1.jpg\" alt=\"\" class=\"wp-image-172\" style=\"object-fit:cover;width:514px;height:514px\" srcset=\"https:\/\/blackmagnolia.finance\/wp-content\/uploads\/2025\/02\/Zofia-Deng-1.jpg 1024w, https:\/\/blackmagnolia.finance\/wp-content\/uploads\/2025\/02\/Zofia-Deng-1-300x300.jpg 300w, https:\/\/blackmagnolia.finance\/wp-content\/uploads\/2025\/02\/Zofia-Deng-1-150x150.jpg 150w, https:\/\/blackmagnolia.finance\/wp-content\/uploads\/2025\/02\/Zofia-Deng-1-768x768.jpg 768w, https:\/\/blackmagnolia.finance\/wp-content\/uploads\/2025\/02\/Zofia-Deng-1-12x12.jpg 12w\" sizes=\"(max-width: 1024px) 100vw, 1024px\" \/><\/figure>\n<\/div><\/div>\n<\/div><\/section><\/div>\n\n\n\n<div class=\"section-wrapper\" data-id=\"uFteje\"><section class=\"wp-block-gutenverse-section guten-element guten-section guten-uFteje layout-boxed align-stretch\"><div class=\"guten-container guten-column-gap-no\">\n<div class=\"wp-block-gutenverse-column guten-element guten-column guten-v4VRfH\"><div class=\"guten-column-wrapper\" data-id=\"v4VRfH\">\n<div class=\"section-wrapper\" data-id=\"5lnyKu\"><section class=\"wp-block-gutenverse-section guten-element guten-section guten-5lnyKu layout-boxed align-stretch\"><div class=\"guten-container guten-column-gap-no\">\n<div class=\"wp-block-gutenverse-column guten-element guten-column guten-Vp8Sd2\"><div class=\"guten-column-wrapper\" data-id=\"Vp8Sd2\">\n<div class=\"wp-block-gutenverse-image guten-element guten-image guten-fCzgHX\"><a class=\"guten-image-wrapper\" href=\"#\"><img loading=\"lazy\" decoding=\"async\" class=\"gutenverse-image-box-filled\" src=\"https:\/\/blackmagnolia.finance\/wp-content\/uploads\/2025\/02\/BM-Logo-small.png\" height=\"28\" width=\"301\" loading=\"lazy\"\/><\/a><\/div>\n\n\n\n<div class=\"guten-element gutenverse-text-editor guten-Lc5F6C\"><div class=\"text-content-inner\">\n<p>Ci trovi su<\/p>\n<\/div><\/div>\n\n\n\n<div class=\"guten-element guten-social-icons guten-bI1wZX square horizontal fill\">\n<div class=\"guten-element guten-social-icon guten-RSHAaK link\"><a id=\"guten-RSHAaK\" href=\"#\"><i class=\"fab fa-linkedin\"><\/i><\/a><\/div>\n\n\n\n<div class=\"guten-element guten-social-icon guten-3ykeEt instagram\"><a id=\"guten-3ykeEt\" href=\"#\"><i class=\"gtn gtn-instagram-1-light\"><\/i><\/a><\/div>\n<\/div>\n<\/div><\/div>\n\n\n\n<div class=\"wp-block-gutenverse-column guten-element guten-column guten-kN3WCT\"><div class=\"guten-column-wrapper\" data-id=\"kN3WCT\">\n<h3 class=\"wp-block-gutenverse-heading guten-element guten-tKutmH\">BM investment<\/h3>\n\n\n\n<div class=\"guten-element guten-icon-list guten-c6DQAX\">\n<div class=\"guten-element guten-icon-list-item guten-eiiw2Y\"><a id=\"guten-eiiw2Y\" href=\"blackmagnolia.finance\"><i class=\"\"><\/i><span class=\"list-text \">Home<\/span><\/a><\/div>\n\n\n\n<div class=\"guten-element guten-icon-list-item guten-nRZj6g\"><a id=\"guten-nRZj6g\" href=\"#\"><i class=\"\"><\/i><span class=\"list-text \">Chi siamo<\/span><\/a><\/div>\n\n\n\n<div class=\"guten-element guten-icon-list-item guten-Xw3qDZ\"><a id=\"guten-Xw3qDZ\" href=\"https:\/\/blackmagnolia.finance\/?page_id=25\"><i class=\"\"><\/i><span class=\"list-text \">Top Investors<\/span><\/a><\/div>\n\n\n\n<div class=\"guten-element guten-icon-list-item guten-TJOxbD\"><a id=\"guten-TJOxbD\" href=\"https:\/\/blackmagnolia.finance\/?page_id=29\"><i class=\"\"><\/i><span class=\"list-text \">Dicono di noi<\/span><\/a><\/div>\n\n\n\n<div class=\"guten-element guten-icon-list-item guten-O51CyD\"><a id=\"guten-O51CyD\" href=\"https:\/\/blackmagnolia.finance\/?page_id=31\"><i class=\"\"><\/i><span class=\"list-text \">Contattaci<\/span><\/a><\/div>\n<\/div>\n<\/div><\/div>\n\n\n\n<div class=\"wp-block-gutenverse-column guten-element guten-column guten-OlZByR\"><div class=\"guten-column-wrapper\" data-id=\"OlZByR\">\n<h2 class=\"wp-block-gutenverse-heading guten-element guten-roEI7C\">Contattaci<\/h2>\n\n\n\n<div class=\"guten-element guten-icon-list guten-k329YA\">\n<div class=\"guten-element guten-icon-list-item guten-LZbMrQ\"><a id=\"guten-LZbMrQ\" href=\"https:\/\/blackmagnolia.finance\/?page_id=26\"><i class=\"\"><\/i><span class=\"list-text \">Diventa investitore<\/span><\/a><\/div>\n\n\n\n<div class=\"guten-element guten-icon-list-item guten-fXaPbJ\"><a id=\"guten-fXaPbJ\" href=\"https:\/\/blackmagnolia.finance\/?page_id=28\"><i class=\"\"><\/i><span class=\"list-text \">Ambassadors<\/span><\/a><\/div>\n\n\n\n<div class=\"guten-element guten-icon-list-item guten-Xh9wrB\"><a id=\"guten-Xh9wrB\" href=\"https:\/\/blackmagnolia.finance\/?page_id=31\"><i class=\"\"><\/i><span class=\"list-text \">Contattaci<\/span><\/a><\/div>\n\n\n\n<div class=\"guten-element guten-icon-list-item guten-5Qgmpq\"><a id=\"guten-5Qgmpq\" href=\"#\"><i class=\"\"><\/i><span class=\"list-text \">Support<\/span><\/a><\/div>\n\n\n\n<div class=\"guten-element guten-icon-list-item guten-B6ZL5Y\"><a id=\"guten-B6ZL5Y\" href=\"#\"><i class=\"\"><\/i><span class=\"list-text \">FAQ<\/span><\/a><\/div>\n<\/div>\n<\/div><\/div>\n<\/div><\/section><\/div>\n\n\n\n<div class=\"section-wrapper\" data-id=\"eaaAFg\"><section class=\"wp-block-gutenverse-section guten-element guten-section guten-eaaAFg layout-boxed align-stretch\"><div class=\"guten-container guten-column-gap-no\">\n<div class=\"wp-block-gutenverse-column guten-element guten-column guten-tjGqJ8\"><div class=\"guten-column-wrapper\" data-id=\"tjGqJ8\">\n<div class=\"guten-element gutenverse-text-editor guten-4hvWUY\"><div class=\"text-content-inner\">\n<p><\/p>\n<\/div><\/div>\n<\/div><\/div>\n\n\n\n<div class=\"wp-block-gutenverse-column guten-element guten-column guten-4G5M5q\"><div class=\"guten-column-wrapper\" data-id=\"4G5M5q\">\n<div class=\"guten-element gutenverse-text-editor guten-CaGIp2\"><div class=\"text-content-inner\">\n<p>Copyright \u00a9 Black Magnolia Finance. All rights reserved.<\/p>\n<\/div><\/div>\n<\/div><\/div>\n<\/div><\/section><\/div>\n<\/div><\/div>\n<\/div><\/section><\/div>\n\n\n\n<p><\/p>\n","protected":false},"excerpt":{"rendered":"","protected":false},"author":1,"featured_media":0,"parent":0,"menu_order":0,"comment_status":"closed","ping_status":"closed","template":"blank-canvas","meta":{"footnotes":""},"class_list":["post-27","page","type-page","status-publish","hentry"],"_links":{"self":[{"href":"https:\/\/blackmagnolia.finance\/index.php?rest_route=\/wp\/v2\/pages\/27","targetHints":{"allow":["GET"]}}],"collection":[{"href":"https:\/\/blackmagnolia.finance\/index.php?rest_route=\/wp\/v2\/pages"}],"about":[{"href":"https:\/\/blackmagnolia.finance\/index.php?rest_route=\/wp\/v2\/types\/page"}],"author":[{"embeddable":true,"href":"https:\/\/blackmagnolia.finance\/index.php?rest_route=\/wp\/v2\/users\/1"}],"replies":[{"embeddable":true,"href":"https:\/\/blackmagnolia.finance\/index.php?rest_route=%2Fwp%2Fv2%2Fcomments&post=27"}],"version-history":[{"count":5,"href":"https:\/\/blackmagnolia.finance\/index.php?rest_route=\/wp\/v2\/pages\/27\/revisions"}],"predecessor-version":[{"id":286,"href":"https:\/\/blackmagnolia.finance\/index.php?rest_route=\/wp\/v2\/pages\/27\/revisions\/286"}],"wp:attachment":[{"href":"https:\/\/blackmagnolia.finance\/index.php?rest_route=%2Fwp%2Fv2%2Fmedia&parent=27"}],"curies":[{"name":"wp","href":"https:\/\/api.w.org\/{rel}","templated":true}]}}